{"id":72,"date":"2025-04-21T10:29:55","date_gmt":"2025-04-21T10:29:55","guid":{"rendered":"https:\/\/cig-rh.click\/?page_id=72"},"modified":"2025-04-21T10:29:55","modified_gmt":"2025-04-21T10:29:55","slug":"nous-soutenir","status":"publish","type":"page","link":"https:\/\/cig-rh.club\/index.php\/nous-soutenir\/","title":{"rendered":"Nous Soutenir"},"content":{"rendered":"\n<p>Chez <strong>CIGARES &amp; RHUM<\/strong>, nous croyons en l\u2019importance du soutien de notre communaut\u00e9 et de nos partenaires pour assurer la p\u00e9rennit\u00e9 de notre mission. Nos \u00e9v\u00e9nements sont le fruit d\u2019un travail collaboratif, et nous d\u00e9pendons des contributions de nos membres, de nos partenaires et de nos sponsors pour continuer \u00e0 offrir des exp\u00e9riences de qualit\u00e9. Si vous partagez notre passion pour le cigare et le rhum, il existe plusieurs mani\u00e8res de nous soutenir.<\/p>\n\n\n\n<h4 class=\"wp-block-heading\">Soutien Financier<\/h4>\n\n\n\n<p>Le soutien financier est essentiel pour garantir le bon fonctionnement de nos \u00e9v\u00e9nements. Si vous \u00eates un particulier ou une entreprise souhaitant soutenir notre mission, vous pouvez le faire par le biais de dons ou de parrainages. Chaque contribution, quelle que soit sa taille, nous aide \u00e0 offrir des \u00e9v\u00e9nements de plus en plus enrichissants et \u00e0 faire grandir notre communaut\u00e9.<\/p>\n\n\n\n<h4 class=\"wp-block-heading\">Devenir Partenaire<\/h4>\n\n\n\n<p>Si vous \u00eates une entreprise ou une marque en lien avec l\u2019univers du cigare, du rhum ou de l\u2019h\u00f4tellerie, vous pouvez devenir partenaire de notre association. En devenant partenaire, vous b\u00e9n\u00e9ficiez d\u2019une visibilit\u00e9 aupr\u00e8s de notre communaut\u00e9 passionn\u00e9e et vous contribuez \u00e0 enrichir l\u2019exp\u00e9rience des participants \u00e0 nos \u00e9v\u00e9nements.<\/p>\n\n\n\n<h4 class=\"wp-block-heading\">Parler de Nous<\/h4>\n\n\n\n<p>Une autre mani\u00e8re de nous soutenir est de parler de <strong>CIGARES &amp; RHUM<\/strong> autour de vous. En recommandant nos \u00e9v\u00e9nements \u00e0 vos amis et \u00e0 votre r\u00e9seau, vous nous aidez \u00e0 faire conna\u00eetre notre association et \u00e0 attirer de nouveaux membres. Le bouche-\u00e0-oreille est une arme puissante, et chaque nouvelle personne qui rejoint notre communaut\u00e9 contribue \u00e0 renforcer notre mission.<\/p>\n","protected":false},"excerpt":{"rendered":"<p>Chez CIGARES &amp; RHUM, nous croyons en l\u2019importance du soutien de notre communaut\u00e9 et de nos partenaires pour assurer la [&hellip;]<\/p>\n","protected":false},"author":1,"featured_media":0,"parent":0,"menu_order":0,"comment_status":"closed","ping_status":"closed","template":"","meta":{"saved_in_kubio":false,"site-sidebar-layout":"default","site-content-layout":"","ast-site-content-layout":"default","site-content-style":"default","site-sidebar-style":"default","ast-global-header-display":"","ast-banner-title-visibility":"","ast-main-header-display":"","ast-hfb-above-header-display":"","ast-hfb-below-header-display":"","ast-hfb-mobile-header-display":"","site-post-title":"","ast-breadcrumbs-content":"","ast-featured-img":"","footer-sml-layout":"","theme-transparent-header-meta":"","adv-header-id-meta":"","stick-header-meta":"","header-above-stick-meta":"","header-main-stick-meta":"","header-below-stick-meta":"","astra-migrate-meta-layouts":"default","ast-page-background-enabled":"default","ast-page-background-meta":{"desktop":{"background-color":"var(--ast-global-color-5)","background-image":"","background-repeat":"repeat","background-position":"center center","background-size":"auto","background-attachment":"scroll","background-type":"","background-media":"","overlay-type":"","overlay-color":"","overlay-opacity":"","overlay-gradient":""},"tablet":{"background-color":"","background-image":"","background-repeat":"repeat","background-position":"center center","background-size":"auto","background-attachment":"scroll","background-type":"","background-media":"","overlay-type":"","overlay-color":"","overlay-opacity":"","overlay-gradient":""},"mobile":{"background-color":"","background-image":"","background-repeat":"repeat","background-position":"center center","background-size":"auto","background-attachment":"scroll","background-type":"","background-media":"","overlay-type":"","overlay-color":"","overlay-opacity":"","overlay-gradient":""}},"ast-content-background-meta":{"desktop":{"background-color":"var(--ast-global-color-4)","background-image":"","background-repeat":"repeat","background-position":"center center","background-size":"auto","background-attachment":"scroll","background-type":"","background-media":"","overlay-type":"","overlay-color":"","overlay-opacity":"","overlay-gradient":""},"tablet":{"background-color":"var(--ast-global-color-4)","background-image":"","background-repeat":"repeat","background-position":"center center","background-size":"auto","background-attachment":"scroll","background-type":"","background-media":"","overlay-type":"","overlay-color":"","overlay-opacity":"","overlay-gradient":""},"mobile":{"background-color":"var(--ast-global-color-4)","background-image":"","background-repeat":"repeat","background-position":"center center","background-size":"auto","background-attachment":"scroll","background-type":"","background-media":"","overlay-type":"","overlay-color":"","overlay-opacity":"","overlay-gradient":""}},"footnotes":""},"class_list":["post-72","page","type-page","status-publish","hentry"],"kubio_ai_page_context":{"short_desc":"","purpose":"general"},"_links":{"self":[{"href":"https:\/\/cig-rh.club\/index.php\/wp-json\/wp\/v2\/pages\/72","targetHints":{"allow":["GET"]}}],"collection":[{"href":"https:\/\/cig-rh.club\/index.php\/wp-json\/wp\/v2\/pages"}],"about":[{"href":"https:\/\/cig-rh.club\/index.php\/wp-json\/wp\/v2\/types\/page"}],"author":[{"embeddable":true,"href":"https:\/\/cig-rh.club\/index.php\/wp-json\/wp\/v2\/users\/1"}],"replies":[{"embeddable":true,"href":"https:\/\/cig-rh.club\/index.php\/wp-json\/wp\/v2\/comments?post=72"}],"version-history":[{"count":1,"href":"https:\/\/cig-rh.club\/index.php\/wp-json\/wp\/v2\/pages\/72\/revisions"}],"predecessor-version":[{"id":82,"href":"https:\/\/cig-rh.club\/index.php\/wp-json\/wp\/v2\/pages\/72\/revisions\/82"}],"wp:attachment":[{"href":"https:\/\/cig-rh.club\/index.php\/wp-json\/wp\/v2\/media?parent=72"}],"curies":[{"name":"wp","href":"https:\/\/api.w.org\/{rel}","templated":true}]}}