{"id":71,"date":"2025-04-21T10:29:32","date_gmt":"2025-04-21T10:29:32","guid":{"rendered":"https:\/\/cig-rh.click\/?page_id=71"},"modified":"2025-04-21T10:29:32","modified_gmt":"2025-04-21T10:29:32","slug":"nous-rejoindre","status":"publish","type":"page","link":"https:\/\/cig-rh.club\/index.php\/nous-rejoindre\/","title":{"rendered":"Nous Rejoindre"},"content":{"rendered":"\n<p>Chez <strong>CIGARES &amp; RHUM<\/strong>, nous sommes toujours \u00e0 la recherche de nouveaux membres pour enrichir notre communaut\u00e9. Que vous soyez un passionn\u00e9 de longue date ou un novice curieux de d\u00e9couvrir le monde des cigares et des rhums, notre association est ouverte \u00e0 toutes et \u00e0 tous. Rejoindre <strong>CIGARES &amp; RHUM<\/strong>, c\u2019est bien plus qu\u2019une simple adh\u00e9sion, c\u2019est faire partie d\u2019un groupe dynamique, o\u00f9 le partage, la convivialit\u00e9 et la d\u00e9couverte sont au centre de nos valeurs.<\/p>\n\n\n\n<h4 class=\"wp-block-heading\">Pourquoi Rejoindre <strong>CIGARES &amp; RHUM<\/strong> ?<\/h4>\n\n\n\n<p>Rejoindre notre association, c\u2019est l\u2019opportunit\u00e9 de vivre des exp\u00e9riences uniques et de faire partie d\u2019une communaut\u00e9 passionn\u00e9e et accueillante. Nos membres partagent une m\u00eame passion pour le cigare et le rhum, et sont tous anim\u00e9s par le d\u00e9sir de d\u00e9couvrir, d\u2019apprendre et de savourer ces produits d\u2019exception.<\/p>\n\n\n\n<p>En tant que membre, vous aurez acc\u00e8s \u00e0 :<\/p>\n\n\n\n<ul class=\"wp-block-list\">\n<li><strong>Des \u00e9v\u00e9nements exclusifs :<\/strong> Acc\u00e9dez \u00e0 nos soir\u00e9es d\u00e9gustation, ateliers, et week-ends th\u00e9matiques, et d\u00e9couvrez des cigares et des rhums de qualit\u00e9, tout en apprenant aux c\u00f4t\u00e9s d\u2019experts.<\/li>\n\n\n\n<li><strong>Des conseils personnalis\u00e9s :<\/strong> Profitez de l\u2019expertise de nos membres et de nos intervenants pour vous aider \u00e0 mieux comprendre l\u2019univers du cigare et du rhum, et pour affiner vos choix.<\/li>\n\n\n\n<li><strong>Des moments conviviaux :<\/strong> Participez \u00e0 des \u00e9v\u00e9nements conviviaux o\u00f9 le partage et les \u00e9changes sont au c\u0153ur de chaque activit\u00e9. Rejoindre <strong>CIGARES &amp; RHUM<\/strong>, c\u2019est aussi l\u2019occasion de rencontrer des personnes partageant les m\u00eames passions et de d\u00e9velopper des liens forts.<\/li>\n<\/ul>\n\n\n\n<h4 class=\"wp-block-heading\">Comment Rejoindre Notre Communaut\u00e9 ?<\/h4>\n\n\n\n<p>Rejoindre <strong>CIGARES &amp; RHUM<\/strong> est simple et rapide. Il vous suffit de prendre contact avec nous par email ou de vous rendre \u00e0 l\u2019un de nos \u00e9v\u00e9nements pour vous inscrire. Nous vous guiderons \u00e0 travers les \u00e9tapes de l\u2019adh\u00e9sion et vous fournirons toutes les informations n\u00e9cessaires pour que vous puissiez commencer \u00e0 profiter de nos services et \u00e9v\u00e9nements.<\/p>\n","protected":false},"excerpt":{"rendered":"<p>Chez CIGARES &amp; RHUM, nous sommes toujours \u00e0 la recherche de nouveaux membres pour enrichir notre communaut\u00e9. Que vous soyez [&hellip;]<\/p>\n","protected":false},"author":1,"featured_media":0,"parent":0,"menu_order":0,"comment_status":"closed","ping_status":"closed","template":"","meta":{"saved_in_kubio":false,"site-sidebar-layout":"default","site-content-layout":"","ast-site-content-layout":"default","site-content-style":"default","site-sidebar-style":"default","ast-global-header-display":"","ast-banner-title-visibility":"","ast-main-header-display":"","ast-hfb-above-header-display":"","ast-hfb-below-header-display":"","ast-hfb-mobile-header-display":"","site-post-title":"","ast-breadcrumbs-content":"","ast-featured-img":"","footer-sml-layout":"","theme-transparent-header-meta":"","adv-header-id-meta":"","stick-header-meta":"","header-above-stick-meta":"","header-main-stick-meta":"","header-below-stick-meta":"","astra-migrate-meta-layouts":"default","ast-page-background-enabled":"default","ast-page-background-meta":{"desktop":{"background-color":"var(--ast-global-color-5)","background-image":"","background-repeat":"repeat","background-position":"center center","background-size":"auto","background-attachment":"scroll","background-type":"","background-media":"","overlay-type":"","overlay-color":"","overlay-opacity":"","overlay-gradient":""},"tablet":{"background-color":"","background-image":"","background-repeat":"repeat","background-position":"center center","background-size":"auto","background-attachment":"scroll","background-type":"","background-media":"","overlay-type":"","overlay-color":"","overlay-opacity":"","overlay-gradient":""},"mobile":{"background-color":"","background-image":"","background-repeat":"repeat","background-position":"center center","background-size":"auto","background-attachment":"scroll","background-type":"","background-media":"","overlay-type":"","overlay-color":"","overlay-opacity":"","overlay-gradient":""}},"ast-content-background-meta":{"desktop":{"background-color":"var(--ast-global-color-4)","background-image":"","background-repeat":"repeat","background-position":"center center","background-size":"auto","background-attachment":"scroll","background-type":"","background-media":"","overlay-type":"","overlay-color":"","overlay-opacity":"","overlay-gradient":""},"tablet":{"background-color":"var(--ast-global-color-4)","background-image":"","background-repeat":"repeat","background-position":"center center","background-size":"auto","background-attachment":"scroll","background-type":"","background-media":"","overlay-type":"","overlay-color":"","overlay-opacity":"","overlay-gradient":""},"mobile":{"background-color":"var(--ast-global-color-4)","background-image":"","background-repeat":"repeat","background-position":"center center","background-size":"auto","background-attachment":"scroll","background-type":"","background-media":"","overlay-type":"","overlay-color":"","overlay-opacity":"","overlay-gradient":""}},"footnotes":""},"class_list":["post-71","page","type-page","status-publish","hentry"],"kubio_ai_page_context":{"short_desc":"","purpose":"general"},"_links":{"self":[{"href":"https:\/\/cig-rh.club\/index.php\/wp-json\/wp\/v2\/pages\/71","targetHints":{"allow":["GET"]}}],"collection":[{"href":"https:\/\/cig-rh.club\/index.php\/wp-json\/wp\/v2\/pages"}],"about":[{"href":"https:\/\/cig-rh.club\/index.php\/wp-json\/wp\/v2\/types\/page"}],"author":[{"embeddable":true,"href":"https:\/\/cig-rh.club\/index.php\/wp-json\/wp\/v2\/users\/1"}],"replies":[{"embeddable":true,"href":"https:\/\/cig-rh.club\/index.php\/wp-json\/wp\/v2\/comments?post=71"}],"version-history":[{"count":1,"href":"https:\/\/cig-rh.club\/index.php\/wp-json\/wp\/v2\/pages\/71\/revisions"}],"predecessor-version":[{"id":81,"href":"https:\/\/cig-rh.club\/index.php\/wp-json\/wp\/v2\/pages\/71\/revisions\/81"}],"wp:attachment":[{"href":"https:\/\/cig-rh.club\/index.php\/wp-json\/wp\/v2\/media?parent=71"}],"curies":[{"name":"wp","href":"https:\/\/api.w.org\/{rel}","templated":true}]}}